{"id":29,"date":"2022-07-26T17:15:13","date_gmt":"2022-07-26T15:15:13","guid":{"rendered":"http:\/\/tdfgfrb.cluster030.hosting.ovh.net\/cc874190-ovh\/?page_id=29"},"modified":"2022-09-05T15:27:59","modified_gmt":"2022-09-05T13:27:59","slug":"accueil","status":"publish","type":"page","link":"https:\/\/tdf5g.fr\/","title":{"rendered":"Accueil"},"content":{"rendered":"<div class=\"col-md-5\">\n<h3><strong>TDF vous accompagne dans vos projets de d\u00e9ploiement et d&rsquo;exploitation de vos RMP:<\/strong><\/h3>\n<ul>\n<li>Infrastructure d\u00e9di\u00e9e<\/li>\n<li>Connectivit\u00e9 ultra s\u00e9curis\u00e9e<\/li>\n<li>Capacit\u00e9 de couverture d\u00e9di\u00e9e et r\u00e9siliente<\/li>\n<li>Ind\u00e9pendance vis-\u00e0-vis des op\u00e9rateurs mobiles<\/li>\n<\/ul>\n<\/div>\n<div class=\"col-md-6 col-md-offset-1\"><\/div>\n<div><\/div>\n\n<div class=\"wp-block-image\">\n<figure class=\"alignright size-full\"><img data-recalc-dims=\"1\" loading=\"lazy\" decoding=\"async\" width=\"298\" height=\"342\" src=\"https:\/\/i0.wp.com\/tdf5g.fr\/wp-content\/uploads\/2022\/07\/Logo-TDF.png?resize=298%2C342&#038;ssl=1\" alt=\"\" class=\"wp-image-160\" srcset=\"https:\/\/i0.wp.com\/tdf5g.fr\/wp-content\/uploads\/2022\/07\/Logo-TDF.png?w=298&amp;ssl=1 298w, https:\/\/i0.wp.com\/tdf5g.fr\/wp-content\/uploads\/2022\/07\/Logo-TDF.png?resize=261%2C300&amp;ssl=1 261w\" sizes=\"auto, (max-width: 298px) 100vw, 298px\" \/><\/figure>\n<\/div>","protected":false},"excerpt":{"rendered":"<p>TDF vous accompagne dans vos projets de d\u00e9ploiement et d&rsquo;exploitation de vos RMP: Infrastructure d\u00e9di\u00e9e Connectivit\u00e9 ultra s\u00e9curis\u00e9e Capacit\u00e9 de couverture d\u00e9di\u00e9e et r\u00e9siliente Ind\u00e9pendance vis-\u00e0-vis des op\u00e9rateurs mobiles<\/p>\n","protected":false},"author":1,"featured_media":127,"parent":0,"menu_order":0,"comment_status":"closed","ping_status":"closed","template":"","meta":{"footnotes":""},"class_list":["post-29","page","type-page","status-publish","has-post-thumbnail","hentry"],"jetpack-related-posts":[],"jetpack_sharing_enabled":true,"_links":{"self":[{"href":"https:\/\/tdf5g.fr\/index.php\/wp-json\/wp\/v2\/pages\/29","targetHints":{"allow":["GET"]}}],"collection":[{"href":"https:\/\/tdf5g.fr\/index.php\/wp-json\/wp\/v2\/pages"}],"about":[{"href":"https:\/\/tdf5g.fr\/index.php\/wp-json\/wp\/v2\/types\/page"}],"author":[{"embeddable":true,"href":"https:\/\/tdf5g.fr\/index.php\/wp-json\/wp\/v2\/users\/1"}],"replies":[{"embeddable":true,"href":"https:\/\/tdf5g.fr\/index.php\/wp-json\/wp\/v2\/comments?post=29"}],"version-history":[{"count":15,"href":"https:\/\/tdf5g.fr\/index.php\/wp-json\/wp\/v2\/pages\/29\/revisions"}],"predecessor-version":[{"id":173,"href":"https:\/\/tdf5g.fr\/index.php\/wp-json\/wp\/v2\/pages\/29\/revisions\/173"}],"wp:featuredmedia":[{"embeddable":true,"href":"https:\/\/tdf5g.fr\/index.php\/wp-json\/wp\/v2\/media\/127"}],"wp:attachment":[{"href":"https:\/\/tdf5g.fr\/index.php\/wp-json\/wp\/v2\/media?parent=29"}],"curies":[{"name":"wp","href":"https:\/\/api.w.org\/{rel}","templated":true}]}}