{"id":2,"date":"2022-07-26T12:47:27","date_gmt":"2022-07-26T10:47:27","guid":{"rendered":"http:\/\/tdfgfrb.cluster030.hosting.ovh.net\/cc874190-ovh\/?page_id=2"},"modified":"2022-07-27T00:01:45","modified_gmt":"2022-07-26T22:01:45","slug":"page-d-exemple","status":"publish","type":"page","link":"https:\/\/tdf5g.fr\/index.php\/page-d-exemple\/","title":{"rendered":"Mentions l\u00e9gales"},"content":{"rendered":"\n<p>Conform\u00e9ment aux dispositions de l\u2019article 6 III-1 de la loi n\u00b02004-575 du 21 juin 2004 pour la confiance dans l\u2019\u00e9conomie num\u00e9rique, nous vous informons que les pr\u00e9sents sites www.tdf.fr, www.tdf-int.com, www.e-tdf.com, etc. (ci-apr\u00e8s \u00ab le Site \u00bb) est la propri\u00e9t\u00e9 de la soci\u00e9t\u00e9 TDF, Soci\u00e9t\u00e9 par Actions Simplifi\u00e9e au capital de 166.958.512 Euros, immatricul\u00e9e au Registre du Commerce et des Soci\u00e9t\u00e9s de Nanterre sous le num\u00e9ro 342 404 399 et dont le si\u00e8ge social se situe au 155 bis avenue Pierre Brossolette, \u00e0 Montrouge (92541) Cedex, (ci-apr\u00e8s \u00ab TDF S.A.S \u00bb) \u2013 Code APE 6120Z \u2013 N\u00b0 TVA Intercommunautaire FR 87 342 404 399 \u2013 T\u00e9l : 33 (1) 55 95 10 00.<\/p>\n\n\n\n<p><strong>Directeur de la publication :<\/strong>&nbsp;Olivier Huart.<br><strong>Responsable de la r\u00e9daction :<\/strong>&nbsp;Arnaud Lucaussy.<br><strong>Stockage des informations :<\/strong>&nbsp;Le stockage des signaux et informations est op\u00e9r\u00e9 par TDF S.A.S.<\/p>\n\n\n\n<p>Dans le cadre de votre navigation sur le site www.tdf.fr, des mesures d\u2019audiences sont effectu\u00e9es et des cookies de sessions sont utilis\u00e9s (personnalisation de l\u2019interface), ces deux collectes r\u00e9pondent aux fins des int\u00e9r\u00eats l\u00e9gitimes poursuivis par TDF.<\/p>\n\n\n\n<p>Conform\u00e9ment aux dispositions de la loi n\u00b0 78-17 du 6 janvier 1978 relative \u00e0 l\u2019informatique, aux fichiers et aux libert\u00e9s , aucune information personnelle n\u2019est collect\u00e9e \u00e0 votre insu ou c\u00e9d\u00e9e \u00e0 des tiers.<\/p>\n\n\n\n<p>Vous disposez d\u2019un droit d\u2019acc\u00e8s, de rectification et d\u2019opposition aux donn\u00e9es vous concernant que vous pouvez exercer en contactant le&nbsp;<strong>DPO de TDF \u00e0 l\u2019adresse rssi.rssi@tdf.fr (T\u00e9l: 01 55 95 10 00)<\/strong><\/p>\n\n\n\n<p>ou<\/p>\n\n\n\n<p>r\u00e9diger un courrier \u00e0 l\u2019adresse \u00ab TDF \u2013 A l\u2019attention du D\u00e9l\u00e9gu\u00e9 \u00e0 la Protection des Donn\u00e9es (DPO) \u2013 155 bis avenue Pierre Brossolette, 92541 Montrouge Cedex, France. \u00bb<\/p>\n\n\n\n<p>Si vos \u00e9changes au sujet de vos donn\u00e9es personnelles avec TDF ne vous paraissent pas satisfaisants, vous avez la possibilit\u00e9 de vous adresser \u00e0 la Commission Nationale de l\u2019Informatique et des Libert\u00e9s (CNIL), autorit\u00e9 de contr\u00f4le en charge du respect des obligations en mati\u00e8re de donn\u00e9es \u00e0 caract\u00e8re personnel en France.<\/p>\n\n\n\n<h2 class=\"wp-block-heading\"><strong>MARQUE :<\/strong><\/h2>\n\n\n\n<p>TDF+Logo, \u00a9 06\/01\/1999. Tous droits r\u00e9serv\u00e9s TDF S.A.S est une marque enregistr\u00e9e appartenant \u00e0 TDF S.A.S.<br>Tdf.fr, tdf-int.com, e-tdf.com, etc. sont des noms de domaine r\u00e9serv\u00e9s propri\u00e9t\u00e9 de TDF S.A.S.<\/p>\n\n\n\n<h2 class=\"wp-block-heading\"><strong>DOCUMENTS :<\/strong><\/h2>\n\n\n\n<p>Toute utilisation de documents issus de ce Site web doit en mentionner la source.<\/p>\n\n\n\n<h2 class=\"wp-block-heading\"><strong>LIENS :<\/strong><\/h2>\n\n\n\n<p>Tout lien avec ce Site doit faire l\u2019objet d\u2019un contrat pr\u00e9alable.<\/p>\n\n\n\n<h2 class=\"wp-block-heading\"><strong>CONTENU :<\/strong><\/h2>\n\n\n\n<p>TDF S.A.S ne conf\u00e8re aux utilisateurs internautes aucune garantie explicite ou implicite, en ce qui concerne l\u2019exactitude, l\u2019exhaustivit\u00e9 ou la mise \u00e0 jour des informations contenues dans le pr\u00e9sent Site, ou accessibles depuis ce Site.<\/p>\n\n\n\n<p>En cons\u00e9quence, il appartient aux utilisateurs de v\u00e9rifier leurs informations en les recoupant avec toute autre source disponible.<br>TDF S.A.S ne garantit en aucun cas l\u2019ad\u00e9quation des informations avec les besoins de l\u2019internaute, par cons\u00e9quent TDF S.A.S ne saurait supporter aucune demande de d\u00e9dommagement pour pr\u00e9judice direct ou indirect subi par l\u2019internaute \u00e0 la suite de la consultation et l\u2019utilisation des informations obtenues au moyen du service de TDF S.A.S.<\/p>\n\n\n\n<h2 class=\"wp-block-heading\"><strong>PHOTOS, ILLUSTRATIONS :<\/strong><\/h2>\n\n\n\n<p>Les photographies et illustrations mises \u00e0 votre disposition appartiennent exclusivement \u00e0 TDF S.A.S. TDF S.A.S vous autorise \u2013 \u00e0 condition de n\u2019effectuer sur celles-ci aucune alt\u00e9ration ou modification et de respecter les mentions de copyright existantes \u2013 \u00e0 les reproduire, les t\u00e9l\u00e9charger, sauvegarder et conserver gratuitement et librement, par tous moyens \u00e9lectroniques, pour les usages limitativement \u00e9num\u00e9r\u00e9s ci-apr\u00e8s :<br>\u2013 illustration d\u2019un site personnel,<br>\u2013 illustration de textes d\u2019auteurs et d\u2019articles du type \u00ab r\u00e9dactionnel \u00bb effectu\u00e9s \u00e0 titre priv\u00e9 ou professionnel concernant ou ayant pour but la diffusion d\u2019informations sur les m\u00e9tiers de TDF S.A.S, \u00e0 des fins d\u2019enseignement ou d\u2019information du public, que ce soit sous forme d\u2019impression sur papier ou sous forme \u00e9lectronique.<br>Tout usage \u00e0 des fins publicitaires ou commerciales est strictement interdit.<\/p>\n\n\n\n<h2 class=\"wp-block-heading\"><strong>VID\u00c9OS :<\/strong><\/h2>\n\n\n\n<p>Les vid\u00e9os peuvent \u00eatre consult\u00e9es gratuitement et librement.<br>Toute reproduction, mise \u00e0 disposition, commercialisation, sous quelque forme que ce soit, de plans ou de s\u00e9quences est totalement interdite.<\/p>\n\n\n\n<h2 class=\"wp-block-heading\"><strong>CREDITS:<\/strong><\/h2>\n\n\n\n<p><\/p>\n\n\n\n<p>Cr\u00e9dits photographiques :<br>Enviato \/ Adobestocl \/ cr\u00e9dits TDF<\/p>\n","protected":false},"excerpt":{"rendered":"<p>Conform\u00e9ment aux dispositions de l\u2019article 6 III-1 de la loi n\u00b02004-575 du 21 juin 2004 pour la confiance dans l\u2019\u00e9conomie num\u00e9rique, nous vous informons que les pr\u00e9sents sites www.tdf.fr, www.tdf-int.com, www.e-tdf.com, etc. (ci-apr\u00e8s \u00ab le Site \u00bb) est la propri\u00e9t\u00e9 de la soci\u00e9t\u00e9 TDF, Soci\u00e9t\u00e9 par Actions Simplifi\u00e9e au capital [&hellip;]<\/p>\n","protected":false},"author":1,"featured_media":0,"parent":0,"menu_order":0,"comment_status":"closed","ping_status":"open","template":"","meta":{"footnotes":""},"class_list":["post-2","page","type-page","status-publish","hentry"],"jetpack-related-posts":[],"jetpack_sharing_enabled":true,"_links":{"self":[{"href":"https:\/\/tdf5g.fr\/index.php\/wp-json\/wp\/v2\/pages\/2","targetHints":{"allow":["GET"]}}],"collection":[{"href":"https:\/\/tdf5g.fr\/index.php\/wp-json\/wp\/v2\/pages"}],"about":[{"href":"https:\/\/tdf5g.fr\/index.php\/wp-json\/wp\/v2\/types\/page"}],"author":[{"embeddable":true,"href":"https:\/\/tdf5g.fr\/index.php\/wp-json\/wp\/v2\/users\/1"}],"replies":[{"embeddable":true,"href":"https:\/\/tdf5g.fr\/index.php\/wp-json\/wp\/v2\/comments?post=2"}],"version-history":[{"count":1,"href":"https:\/\/tdf5g.fr\/index.php\/wp-json\/wp\/v2\/pages\/2\/revisions"}],"predecessor-version":[{"id":132,"href":"https:\/\/tdf5g.fr\/index.php\/wp-json\/wp\/v2\/pages\/2\/revisions\/132"}],"wp:attachment":[{"href":"https:\/\/tdf5g.fr\/index.php\/wp-json\/wp\/v2\/media?parent=2"}],"curies":[{"name":"wp","href":"https:\/\/api.w.org\/{rel}","templated":true}]}}